{"id":10381,"date":"2024-11-15T15:34:39","date_gmt":"2024-11-15T20:34:39","guid":{"rendered":"https:\/\/culliganquebec.com\/uv-lamps-2\/"},"modified":"2026-01-16T10:03:49","modified_gmt":"2026-01-16T15:03:49","slug":"uv-lamps","status":"publish","type":"page","link":"https:\/\/culliganquebec.com\/en\/uv-lamps\/","title":{"rendered":"Culligan UV lamps"},"content":{"rendered":"\t\t<div data-elementor-type=\"wp-page\" data-elementor-id=\"10381\" class=\"elementor elementor-10381 elementor-8755\" data-elementor-post-type=\"page\">\n\t\t\t\t<div class=\"elementor-element elementor-element-d971ec6 e-con-full e-flex e-con e-parent\" data-id=\"d971ec6\" data-element_type=\"container\" data-e-type=\"container\" data-settings=\"{&quot;background_background&quot;:&quot;classic&quot;}\">\n\t\t\t\t<div class=\"elementor-element elementor-element-9e57962 elementor-widget elementor-widget-heading\" data-id=\"9e57962\" data-element_type=\"widget\" data-e-type=\"widget\" data-widget_type=\"heading.default\">\n\t\t\t\t<div class=\"elementor-widget-container\">\n\t\t\t\t\t<h1 class=\"elementor-heading-title elementor-size-default\">Culligan UV lamps<\/h1>\t\t\t\t<\/div>\n\t\t\t\t<\/div>\n\t\t\t\t<div class=\"elementor-element elementor-element-eab9b95 elementor-widget elementor-widget-heading\" data-id=\"eab9b95\" data-element_type=\"widget\" data-e-type=\"widget\" data-widget_type=\"heading.default\">\n\t\t\t\t<div class=\"elementor-widget-container\">\n\t\t\t\t\t<h4 class=\"elementor-heading-title elementor-size-default\">Purify and make your drinking water safe with ultraviolet sterilization.<\/h4>\t\t\t\t<\/div>\n\t\t\t\t<\/div>\n\t\t\t\t<div class=\"elementor-element elementor-element-299106b elementor-widget elementor-widget-button\" data-id=\"299106b\" data-element_type=\"widget\" data-e-type=\"widget\" data-widget_type=\"button.default\">\n\t\t\t\t<div class=\"elementor-widget-container\">\n\t\t\t\t\t\t\t\t\t<div class=\"elementor-button-wrapper\">\n\t\t\t\t\t<a class=\"elementor-button elementor-button-link elementor-size-sm\" href=\"https:\/\/culliganquebec.com\/en\/contact-culligan\/\">\n\t\t\t\t\t\t<span class=\"elementor-button-content-wrapper\">\n\t\t\t\t\t\t\t\t\t<span class=\"elementor-button-text\">Get a price<\/span>\n\t\t\t\t\t<\/span>\n\t\t\t\t\t<\/a>\n\t\t\t\t<\/div>\n\t\t\t\t\t\t\t\t<\/div>\n\t\t\t\t<\/div>\n\t\t\t\t<\/div>\n\t\t<div class=\"elementor-element elementor-element-67addd6 e-flex e-con-boxed e-con e-parent\" data-id=\"67addd6\" data-element_type=\"container\" data-e-type=\"container\">\n\t\t\t\t\t<div class=\"e-con-inner\">\n\t\t<div class=\"elementor-element elementor-element-1058a91 e-con-full e-flex e-con e-child\" data-id=\"1058a91\" data-element_type=\"container\" data-e-type=\"container\">\n\t\t\t\t<div class=\"elementor-element elementor-element-ccd6717 elementor-widget elementor-widget-heading\" data-id=\"ccd6717\" data-element_type=\"widget\" data-e-type=\"widget\" data-widget_type=\"heading.default\">\n\t\t\t\t<div class=\"elementor-widget-container\">\n\t\t\t\t\t<h2 class=\"elementor-heading-title elementor-size-default\">Culligan\u00ae UV lamps <\/h2>\t\t\t\t<\/div>\n\t\t\t\t<\/div>\n\t\t\t\t<div class=\"elementor-element elementor-element-e59a687 elementor-widget elementor-widget-text-editor\" data-id=\"e59a687\" data-element_type=\"widget\" data-e-type=\"widget\" data-widget_type=\"text-editor.default\">\n\t\t\t\t<div class=\"elementor-widget-container\">\n\t\t\t\t\t\t\t\t\t<p>If you have bacteria in your water, or if you&#8217;re unsure of the microbiological quality of your water source, or if you&#8217;re looking for extra security for your municipal water source, then CULLIGAN\u00ae has the solution with the UV lamp series for artesian, surface or municipal water wells.<\/p><p>UV technology has been proven to control microbiological problems (bacteria and viruses) in water, including E. coli (Escherichia coli), Cryptosporidium, Enterococci, Giardia lamblia and many others. Our UV lamps are available in Contractor, Class A and Class B.<\/p>\t\t\t\t\t\t\t\t<\/div>\n\t\t\t\t<\/div>\n\t\t\t\t<div class=\"elementor-element elementor-element-710024e elementor-widget elementor-widget-text-editor\" data-id=\"710024e\" data-element_type=\"widget\" data-e-type=\"widget\" data-widget_type=\"text-editor.default\">\n\t\t\t\t<div class=\"elementor-widget-container\">\n\t\t\t\t\t\t\t\t\t<p><a href=\"\/contacter-culligan\"><strong>Contact us<\/strong><\/a> today to learn more about Culligan\u00ae systems for UV disinfection via ultraviolet lamps, or ask us for a FREE water analysis.<\/p>\t\t\t\t\t\t\t\t<\/div>\n\t\t\t\t<\/div>\n\t\t\t\t<div class=\"elementor-element elementor-element-55b53c9 elementor-widget__width-inherit elementor-widget elementor-widget-button\" data-id=\"55b53c9\" data-element_type=\"widget\" data-e-type=\"widget\" data-widget_type=\"button.default\">\n\t\t\t\t<div class=\"elementor-widget-container\">\n\t\t\t\t\t\t\t\t\t<div class=\"elementor-button-wrapper\">\n\t\t\t\t\t<a class=\"elementor-button elementor-button-link elementor-size-sm\" href=\"\/analyse-deau-gratuite\/\">\n\t\t\t\t\t\t<span class=\"elementor-button-content-wrapper\">\n\t\t\t\t\t\t\t\t\t<span class=\"elementor-button-text\">Free water analysis<\/span>\n\t\t\t\t\t<\/span>\n\t\t\t\t\t<\/a>\n\t\t\t\t<\/div>\n\t\t\t\t\t\t\t\t<\/div>\n\t\t\t\t<\/div>\n\t\t\t\t<\/div>\n\t\t<div class=\"elementor-element elementor-element-2109dd8 e-con-full e-flex e-con e-child\" data-id=\"2109dd8\" data-element_type=\"container\" data-e-type=\"container\">\n\t\t\t\t<div class=\"elementor-element elementor-element-3400890 elementor-widget elementor-widget-image\" data-id=\"3400890\" data-element_type=\"widget\" data-e-type=\"widget\" data-widget_type=\"image.default\">\n\t\t\t\t<div class=\"elementor-widget-container\">\n\t\t\t\t\t\t\t\t\t\t\t\t\t\t\t<img fetchpriority=\"high\" decoding=\"async\" width=\"1024\" height=\"846\" src=\"https:\/\/culliganquebec.com\/wp-content\/uploads\/2024\/12\/culligan-lampe-uv-scaled-1-1024x846.webp\" class=\"attachment-large size-large wp-image-9961\" alt=\"lampes UV Culligan\" srcset=\"https:\/\/culliganquebec.com\/wp-content\/uploads\/2024\/12\/culligan-lampe-uv-scaled-1-1024x846.webp 1024w, https:\/\/culliganquebec.com\/wp-content\/uploads\/2024\/12\/culligan-lampe-uv-scaled-1-300x248.webp 300w, https:\/\/culliganquebec.com\/wp-content\/uploads\/2024\/12\/culligan-lampe-uv-scaled-1-768x635.webp 768w, https:\/\/culliganquebec.com\/wp-content\/uploads\/2024\/12\/culligan-lampe-uv-scaled-1-1536x1270.webp 1536w, https:\/\/culliganquebec.com\/wp-content\/uploads\/2024\/12\/culligan-lampe-uv-scaled-1.webp 1845w\" sizes=\"(max-width: 1024px) 100vw, 1024px\" \/>\t\t\t\t\t\t\t\t\t\t\t\t\t\t\t<\/div>\n\t\t\t\t<\/div>\n\t\t\t\t<\/div>\n\t\t\t\t\t<\/div>\n\t\t\t\t<\/div>\n\t\t<div class=\"elementor-element elementor-element-b716c52 e-con-full e-flex e-con e-parent\" data-id=\"b716c52\" data-element_type=\"container\" data-e-type=\"container\">\n\t\t\t\t<div class=\"elementor-element elementor-element-17be1ed elementor-widget elementor-widget-shortcode\" data-id=\"17be1ed\" data-element_type=\"widget\" data-e-type=\"widget\" data-widget_type=\"shortcode.default\">\n\t\t\t\t<div class=\"elementor-widget-container\">\n\t\t\t\t\t\t\t<div class=\"elementor-shortcode\">\t\t<div data-elementor-type=\"section\" data-elementor-id=\"9969\" class=\"elementor elementor-9969 elementor-9713 elementor-9713\" data-elementor-post-type=\"elementor_library\">\n\t\t\t<div class=\"elementor-element elementor-element-c325286 e-grid e-con-boxed e-con e-parent\" data-id=\"c325286\" data-element_type=\"container\" data-e-type=\"container\" data-settings=\"{&quot;background_background&quot;:&quot;classic&quot;}\">\n\t\t\t\t\t<div class=\"e-con-inner\">\n\t\t<div class=\"elementor-element elementor-element-4221f07 e-flex e-con-boxed e-con e-child\" data-id=\"4221f07\" data-element_type=\"container\" data-e-type=\"container\">\n\t\t\t\t\t<div class=\"e-con-inner\">\n\t\t<div class=\"elementor-element elementor-element-6bdccfd e-flex e-con-boxed e-con e-child\" data-id=\"6bdccfd\" data-element_type=\"container\" data-e-type=\"container\">\n\t\t\t\t\t<div class=\"e-con-inner\">\n\t\t\t\t<div class=\"elementor-element elementor-element-ebaea98 residentiel elementor-widget elementor-widget-image\" data-id=\"ebaea98\" data-element_type=\"widget\" data-e-type=\"widget\" data-widget_type=\"image.default\">\n\t\t\t\t<div class=\"elementor-widget-container\">\n\t\t\t\t\t\t\t\t\t\t\t\t\t\t\t<img decoding=\"async\" width=\"1024\" height=\"790\" src=\"https:\/\/culliganquebec.com\/wp-content\/uploads\/2024\/04\/Culligan_Stills_CMwithWS-1-1024x790.webp\" class=\"attachment-large size-large wp-image-6065\" alt=\"\" srcset=\"https:\/\/culliganquebec.com\/wp-content\/uploads\/2024\/04\/Culligan_Stills_CMwithWS-1-1024x790.webp 1024w, https:\/\/culliganquebec.com\/wp-content\/uploads\/2024\/04\/Culligan_Stills_CMwithWS-1-300x232.webp 300w, https:\/\/culliganquebec.com\/wp-content\/uploads\/2024\/04\/Culligan_Stills_CMwithWS-1-768x593.webp 768w, https:\/\/culliganquebec.com\/wp-content\/uploads\/2024\/04\/Culligan_Stills_CMwithWS-1-1536x1186.webp 1536w, https:\/\/culliganquebec.com\/wp-content\/uploads\/2024\/04\/Culligan_Stills_CMwithWS-1.webp 1920w\" sizes=\"(max-width: 1024px) 100vw, 1024px\" \/>\t\t\t\t\t\t\t\t\t\t\t\t\t\t\t<\/div>\n\t\t\t\t<\/div>\n\t\t\t\t<div class=\"elementor-element elementor-element-a344324 residentiel elementor-widget elementor-widget-image-box\" data-id=\"a344324\" data-element_type=\"widget\" data-e-type=\"widget\" data-widget_type=\"image-box.default\">\n\t\t\t\t<div class=\"elementor-widget-container\">\n\t\t\t\t\t<div class=\"elementor-image-box-wrapper\"><div class=\"elementor-image-box-content\"><h4 class=\"elementor-image-box-title\"><a href=\"\/adoucisseurs-residentiels\/\">Residential Products<\/a><\/h4><p class=\"elementor-image-box-description\">Water you love -&gt;<\/p><\/div><\/div>\t\t\t\t<\/div>\n\t\t\t\t<\/div>\n\t\t\t\t\t<\/div>\n\t\t\t\t<\/div>\n\t\t\t\t\t<\/div>\n\t\t\t\t<\/div>\n\t\t<div class=\"elementor-element elementor-element-c76d17b e-con-full e-flex e-con e-child\" data-id=\"c76d17b\" data-element_type=\"container\" data-e-type=\"container\">\n\t\t\t\t<div class=\"elementor-element elementor-element-96acc3c industriel elementor-widget elementor-widget-image\" data-id=\"96acc3c\" data-element_type=\"widget\" data-e-type=\"widget\" data-widget_type=\"image.default\">\n\t\t\t\t<div class=\"elementor-widget-container\">\n\t\t\t\t\t\t\t\t\t\t\t\t\t\t\t<img decoding=\"async\" width=\"768\" height=\"492\" src=\"https:\/\/culliganquebec.com\/wp-content\/uploads\/2024\/05\/Air-liquide-768x492.webp\" class=\"attachment-medium_large size-medium_large wp-image-6235\" alt=\"traitement de l&#039;eau commercial et industriel\" srcset=\"https:\/\/culliganquebec.com\/wp-content\/uploads\/2024\/05\/Air-liquide-768x492.webp 768w, https:\/\/culliganquebec.com\/wp-content\/uploads\/2024\/05\/Air-liquide-300x192.webp 300w, https:\/\/culliganquebec.com\/wp-content\/uploads\/2024\/05\/Air-liquide-1024x655.webp 1024w, https:\/\/culliganquebec.com\/wp-content\/uploads\/2024\/05\/Air-liquide-1536x983.webp 1536w, https:\/\/culliganquebec.com\/wp-content\/uploads\/2024\/05\/Air-liquide.webp 1656w\" sizes=\"(max-width: 768px) 100vw, 768px\" \/>\t\t\t\t\t\t\t\t\t\t\t\t\t\t\t<\/div>\n\t\t\t\t<\/div>\n\t\t\t\t<div class=\"elementor-element elementor-element-28ad6af industriel elementor-widget elementor-widget-image-box\" data-id=\"28ad6af\" data-element_type=\"widget\" data-e-type=\"widget\" data-widget_type=\"image-box.default\">\n\t\t\t\t<div class=\"elementor-widget-container\">\n\t\t\t\t\t<div class=\"elementor-image-box-wrapper\"><div class=\"elementor-image-box-content\"><h4 class=\"elementor-image-box-title\"><a href=\"https:\/\/culliganquebec.com\/en\/commercial-and-industrial-solutions\/\">Commercial &amp; industrial<\/a><\/h4><p class=\"elementor-image-box-description\">Custom solutions -&gt;<\/p><\/div><\/div>\t\t\t\t<\/div>\n\t\t\t\t<\/div>\n\t\t\t\t<\/div>\n\t\t<div class=\"elementor-element elementor-element-9a66224 e-con-full e-flex e-con e-child\" data-id=\"9a66224\" data-element_type=\"container\" data-e-type=\"container\">\n\t\t\t\t<div class=\"elementor-element elementor-element-56a969c bureaux elementor-widget elementor-widget-image\" data-id=\"56a969c\" data-element_type=\"widget\" data-e-type=\"widget\" data-widget_type=\"image.default\">\n\t\t\t\t<div class=\"elementor-widget-container\">\n\t\t\t\t\t\t\t\t\t\t\t\t\t\t\t<img loading=\"lazy\" decoding=\"async\" width=\"768\" height=\"512\" src=\"https:\/\/culliganquebec.com\/wp-content\/uploads\/2024\/05\/05_Office-Lobby-Hallway_Group_5865-768x512.jpg\" class=\"attachment-medium_large size-medium_large wp-image-6238\" alt=\"filtre d&#039;eau, solution pour les bureaux\" srcset=\"https:\/\/culliganquebec.com\/wp-content\/uploads\/2024\/05\/05_Office-Lobby-Hallway_Group_5865-768x512.jpg.webp 768w, https:\/\/culliganquebec.com\/wp-content\/uploads\/2024\/05\/05_Office-Lobby-Hallway_Group_5865-300x200.jpg.webp 300w, https:\/\/culliganquebec.com\/wp-content\/uploads\/2024\/05\/05_Office-Lobby-Hallway_Group_5865-1024x683.jpg.webp 1024w, https:\/\/culliganquebec.com\/wp-content\/uploads\/2024\/05\/05_Office-Lobby-Hallway_Group_5865-1536x1024.jpg.webp 1536w, https:\/\/culliganquebec.com\/wp-content\/uploads\/2024\/05\/05_Office-Lobby-Hallway_Group_5865-2048x1365.jpg.webp 2048w\" sizes=\"(max-width: 768px) 100vw, 768px\" \/>\t\t\t\t\t\t\t\t\t\t\t\t\t\t\t<\/div>\n\t\t\t\t<\/div>\n\t\t\t\t<div class=\"elementor-element elementor-element-ced7500 bureaux elementor-widget elementor-widget-image-box\" data-id=\"ced7500\" data-element_type=\"widget\" data-e-type=\"widget\" data-widget_type=\"image-box.default\">\n\t\t\t\t<div class=\"elementor-widget-container\">\n\t\t\t\t\t<div class=\"elementor-image-box-wrapper\"><div class=\"elementor-image-box-content\"><h4 class=\"elementor-image-box-title\"><a href=\"https:\/\/culliganquebec.com\/en\/range-of-water-and-ice-dispensers\/\">Workplaces<\/a><\/h4><p class=\"elementor-image-box-description\">Offer the best water -&gt;<\/p><\/div><\/div>\t\t\t\t<\/div>\n\t\t\t\t<\/div>\n\t\t\t\t<\/div>\n\t\t<div class=\"elementor-element elementor-element-27d1c8d e-con-full e-flex e-con e-child\" data-id=\"27d1c8d\" data-element_type=\"container\" data-e-type=\"container\">\n\t\t\t\t<div class=\"elementor-element elementor-element-a868945 probleme elementor-widget elementor-widget-image\" data-id=\"a868945\" data-element_type=\"widget\" data-e-type=\"widget\" data-widget_type=\"image.default\">\n\t\t\t\t<div class=\"elementor-widget-container\">\n\t\t\t\t\t\t\t\t\t\t\t\t\t\t\t<img loading=\"lazy\" decoding=\"async\" width=\"768\" height=\"512\" src=\"https:\/\/culliganquebec.com\/wp-content\/uploads\/2024\/04\/Culligan_Studio_ShowerDoor_3173_Dirty_HERO-1-768x512-1.avif\" class=\"attachment-medium_large size-medium_large wp-image-6085\" alt=\"\" \/>\t\t\t\t\t\t\t\t\t\t\t\t\t\t\t<\/div>\n\t\t\t\t<\/div>\n\t\t\t\t<div class=\"elementor-element elementor-element-b0338e7 probleme elementor-widget elementor-widget-image-box\" data-id=\"b0338e7\" data-element_type=\"widget\" data-e-type=\"widget\" data-widget_type=\"image-box.default\">\n\t\t\t\t<div class=\"elementor-widget-container\">\n\t\t\t\t\t<div class=\"elementor-image-box-wrapper\"><div class=\"elementor-image-box-content\"><h4 class=\"elementor-image-box-title\"><a href=\"https:\/\/culliganquebec.com\/en\/common-problems\/\">Common problems<\/a><\/h4><p class=\"elementor-image-box-description\">Water related problems -&gt;<\/p><\/div><\/div>\t\t\t\t<\/div>\n\t\t\t\t<\/div>\n\t\t\t\t<\/div>\n\t\t\t\t\t<\/div>\n\t\t\t\t<\/div>\n\t\t<div class=\"elementor-element elementor-element-5623585 elementor-hidden-desktop elementor-hidden-tablet elementor-hidden-mobile e-flex e-con-boxed e-con e-parent\" data-id=\"5623585\" data-element_type=\"container\" data-e-type=\"container\">\n\t\t\t\t\t<div class=\"e-con-inner\">\n\t\t\t\t<div class=\"elementor-element elementor-element-3a96d4d elementor-widget elementor-widget-html\" data-id=\"3a96d4d\" data-element_type=\"widget\" data-e-type=\"widget\" data-widget_type=\"html.default\">\n\t\t\t\t<div class=\"elementor-widget-container\">\n\t\t\t\t\t<style>\r\n  \/* Style de base pour rendre tous les \u00e9l\u00e9ments cliquables avec un pointeur *\/\r\n  .residentiel, .probleme, .industriel, .bureaux {\r\n    cursor: pointer;\r\n  }\r\n<\/style>\r\n\r\n<script>\r\n  document.addEventListener('DOMContentLoaded', function () {\r\n    \/\/ Associer les classes aux URLs respectives\r\n    var mappings = {\r\n      residentiel: 'https:\/\/culliganquebec.com\/adoucisseurs-residentiels',\r\n      probleme: 'https:\/\/culliganquebec.com\/problemes-courants\/',\r\n      industriel: 'https:\/\/culliganquebec.com\/solutions-commerciales-et-industrielles',\r\n      bureaux: 'https:\/\/culliganquebec.com\/solutions-pour-bureaux\/'\r\n    };\r\n\r\n    \/\/ Parcourir chaque cl\u00e9 (classe) et ajouter les \u00e9v\u00e9nements de clic\r\n    Object.keys(mappings).forEach(function (className) {\r\n      var elements = document.querySelectorAll('.' + className); \/\/ S\u00e9lectionne les \u00e9l\u00e9ments de la classe\r\n      elements.forEach(function (element) {\r\n        element.addEventListener('click', function () {\r\n          window.location.href = mappings[className]; \/\/ Redirige vers l'URL correspondante\r\n        });\r\n      });\r\n    });\r\n  });\r\n<\/script>\r\n\t\t\t\t<\/div>\n\t\t\t\t<\/div>\n\t\t\t\t\t<\/div>\n\t\t\t\t<\/div>\n\t\t\t\t<\/div>\n\t\t<\/div>\n\t\t\t\t\t\t<\/div>\n\t\t\t\t<\/div>\n\t\t\t\t<\/div>\n\t\t<div class=\"elementor-element elementor-element-420700a e-con-full e-flex e-con e-parent\" data-id=\"420700a\" data-element_type=\"container\" data-e-type=\"container\">\n\t\t\t\t<div class=\"elementor-element elementor-element-f0f3552 elementor-widget elementor-widget-shortcode\" data-id=\"f0f3552\" data-element_type=\"widget\" data-e-type=\"widget\" data-widget_type=\"shortcode.default\">\n\t\t\t\t<div class=\"elementor-widget-container\">\n\t\t\t\t\t\t\t<div class=\"elementor-shortcode\">\t\t<div data-elementor-type=\"section\" data-elementor-id=\"9967\" class=\"elementor elementor-9967 elementor-9799 elementor-9799\" data-elementor-post-type=\"elementor_library\">\n\t\t\t<div class=\"elementor-element elementor-element-2ccdb52 e-con-full e-flex e-con e-parent\" data-id=\"2ccdb52\" data-element_type=\"container\" data-e-type=\"container\" data-settings=\"{&quot;background_background&quot;:&quot;classic&quot;}\">\n\t\t\t\t<div class=\"elementor-element elementor-element-b7de6c6 elementor-widget__width-initial elementor-widget-mobile__width-inherit elementor-widget elementor-widget-image\" data-id=\"b7de6c6\" data-element_type=\"widget\" data-e-type=\"widget\" data-widget_type=\"image.default\">\n\t\t\t\t<div class=\"elementor-widget-container\">\n\t\t\t\t\t\t\t\t\t\t\t\t\t\t\t<img loading=\"lazy\" decoding=\"async\" width=\"1024\" height=\"406\" src=\"https:\/\/culliganquebec.com\/wp-content\/uploads\/2024\/04\/boire-eau-culligan-e1712764396241-1024x406.webp\" class=\"attachment-large size-large wp-image-6142\" alt=\"analyse eau potable,\nanalyse potabilit\u00e9 eau, verre d&#039;eau, bonne eau \u00e0 consommer,\" srcset=\"https:\/\/culliganquebec.com\/wp-content\/uploads\/2024\/04\/boire-eau-culligan-e1712764396241-1024x406.webp 1024w, https:\/\/culliganquebec.com\/wp-content\/uploads\/2024\/04\/boire-eau-culligan-e1712764396241-300x119.webp 300w, https:\/\/culliganquebec.com\/wp-content\/uploads\/2024\/04\/boire-eau-culligan-e1712764396241-768x304.webp 768w, https:\/\/culliganquebec.com\/wp-content\/uploads\/2024\/04\/boire-eau-culligan-e1712764396241-1536x609.webp 1536w, https:\/\/culliganquebec.com\/wp-content\/uploads\/2024\/04\/boire-eau-culligan-e1712764396241.webp 1920w\" sizes=\"(max-width: 1024px) 100vw, 1024px\" \/>\t\t\t\t\t\t\t\t\t\t\t\t\t\t\t<\/div>\n\t\t\t\t<\/div>\n\t\t<div class=\"elementor-element elementor-element-62cf358 e-flex e-con-boxed e-con e-child\" data-id=\"62cf358\" data-element_type=\"container\" data-e-type=\"container\">\n\t\t\t\t\t<div class=\"e-con-inner\">\n\t\t\t\t<div class=\"elementor-element elementor-element-1c59a70 elementor-widget-mobile__width-inherit elementor-widget elementor-widget-heading\" data-id=\"1c59a70\" data-element_type=\"widget\" data-e-type=\"widget\" data-widget_type=\"heading.default\">\n\t\t\t\t<div class=\"elementor-widget-container\">\n\t\t\t\t\t<h4 class=\"elementor-heading-title elementor-size-default\">Request your free\nwater analysis in less than 72 hours<\/h4>\t\t\t\t<\/div>\n\t\t\t\t<\/div>\n\t\t\t\t<div class=\"elementor-element elementor-element-cf7386c elementor-mobile-align-center elementor-widget-mobile__width-inherit elementor-tablet-align-left elementor-widget elementor-widget-button\" data-id=\"cf7386c\" data-element_type=\"widget\" data-e-type=\"widget\" data-widget_type=\"button.default\">\n\t\t\t\t<div class=\"elementor-widget-container\">\n\t\t\t\t\t\t\t\t\t<div class=\"elementor-button-wrapper\">\n\t\t\t\t\t<a class=\"elementor-button elementor-button-link elementor-size-sm\" href=\"\/en\/free-water-analysis\">\n\t\t\t\t\t\t<span class=\"elementor-button-content-wrapper\">\n\t\t\t\t\t\t<span class=\"elementor-button-icon\">\n\t\t\t\t<svg aria-hidden=\"true\" class=\"e-font-icon-svg e-fas-arrow-right\" viewBox=\"0 0 448 512\" xmlns=\"http:\/\/www.w3.org\/2000\/svg\"><path d=\"M190.5 66.9l22.2-22.2c9.4-9.4 24.6-9.4 33.9 0L441 239c9.4 9.4 9.4 24.6 0 33.9L246.6 467.3c-9.4 9.4-24.6 9.4-33.9 0l-22.2-22.2c-9.5-9.5-9.3-25 .4-34.3L311.4 296H24c-13.3 0-24-10.7-24-24v-32c0-13.3 10.7-24 24-24h287.4L190.9 101.2c-9.8-9.3-10-24.8-.4-34.3z\"><\/path><\/svg>\t\t\t<\/span>\n\t\t\t\t\t\t\t\t\t<span class=\"elementor-button-text\">Free analysis<\/span>\n\t\t\t\t\t<\/span>\n\t\t\t\t\t<\/a>\n\t\t\t\t<\/div>\n\t\t\t\t\t\t\t\t<\/div>\n\t\t\t\t<\/div>\n\t\t\t\t\t<\/div>\n\t\t\t\t<\/div>\n\t\t\t\t<\/div>\n\t\t\t\t<\/div>\n\t\t<\/div>\n\t\t\t\t\t\t<\/div>\n\t\t\t\t<\/div>\n\t\t\t\t<\/div>\n\t\t\t\t<\/div>\n\t\t","protected":false},"excerpt":{"rendered":"<p>Culligan UV lamps Purify and make your drinking water safe with ultraviolet sterilization. Get a price Culligan\u00ae UV lamps If you have bacteria in your water, or if you&#8217;re unsure of the microbiological quality of your water source, or if you&#8217;re looking for extra security for your municipal water source, then CULLIGAN\u00ae has the solution [&hellip;]<\/p>\n","protected":false},"author":1,"featured_media":0,"parent":0,"menu_order":0,"comment_status":"closed","ping_status":"closed","template":"","meta":{"site-sidebar-layout":"no-sidebar","site-content-layout":"page-builder","ast-site-content-layout":"full-width-container","site-content-style":"default","site-sidebar-style":"default","ast-global-header-display":"","ast-banner-title-visibility":"","ast-main-header-display":"","ast-hfb-above-header-display":"","ast-hfb-below-header-display":"","ast-hfb-mobile-header-display":"","site-post-title":"disabled","ast-breadcrumbs-content":"","ast-featured-img":"disabled","footer-sml-layout":"","theme-transparent-header-meta":"default","adv-header-id-meta":"","stick-header-meta":"","header-above-stick-meta":"","header-main-stick-meta":"","header-below-stick-meta":"","astra-migrate-meta-layouts":"set","ast-page-background-enabled":"default","ast-page-background-meta":{"desktop":{"background-color":"","background-image":"","background-repeat":"repeat","background-position":"center center","background-size":"auto","background-attachment":"scroll","background-type":"","background-media":"","overlay-type":"","overlay-color":"","overlay-opacity":"","overlay-gradient":""},"tablet":{"background-color":"","background-image":"","background-repeat":"repeat","background-position":"center center","background-size":"auto","background-attachment":"scroll","background-type":"","background-media":"","overlay-type":"","overlay-color":"","overlay-opacity":"","overlay-gradient":""},"mobile":{"background-color":"","background-image":"","background-repeat":"repeat","background-position":"center center","background-size":"auto","background-attachment":"scroll","background-type":"","background-media":"","overlay-type":"","overlay-color":"","overlay-opacity":"","overlay-gradient":""}},"ast-content-background-meta":{"desktop":{"background-color":"var(--ast-global-color-5)","background-image":"","background-repeat":"repeat","background-position":"center center","background-size":"auto","background-attachment":"scroll","background-type":"","background-media":"","overlay-type":"","overlay-color":"","overlay-opacity":"","overlay-gradient":""},"tablet":{"background-color":"var(--ast-global-color-5)","background-image":"","background-repeat":"repeat","background-position":"center center","background-size":"auto","background-attachment":"scroll","background-type":"","background-media":"","overlay-type":"","overlay-color":"","overlay-opacity":"","overlay-gradient":""},"mobile":{"background-color":"var(--ast-global-color-5)","background-image":"","background-repeat":"repeat","background-position":"center center","background-size":"auto","background-attachment":"scroll","background-type":"","background-media":"","overlay-type":"","overlay-color":"","overlay-opacity":"","overlay-gradient":""}},"footnotes":""},"class_list":["post-10381","page","type-page","status-publish","hentry"],"_links":{"self":[{"href":"https:\/\/culliganquebec.com\/en\/wp-json\/wp\/v2\/pages\/10381","targetHints":{"allow":["GET"]}}],"collection":[{"href":"https:\/\/culliganquebec.com\/en\/wp-json\/wp\/v2\/pages"}],"about":[{"href":"https:\/\/culliganquebec.com\/en\/wp-json\/wp\/v2\/types\/page"}],"author":[{"embeddable":true,"href":"https:\/\/culliganquebec.com\/en\/wp-json\/wp\/v2\/users\/1"}],"replies":[{"embeddable":true,"href":"https:\/\/culliganquebec.com\/en\/wp-json\/wp\/v2\/comments?post=10381"}],"version-history":[{"count":4,"href":"https:\/\/culliganquebec.com\/en\/wp-json\/wp\/v2\/pages\/10381\/revisions"}],"predecessor-version":[{"id":12883,"href":"https:\/\/culliganquebec.com\/en\/wp-json\/wp\/v2\/pages\/10381\/revisions\/12883"}],"wp:attachment":[{"href":"https:\/\/culliganquebec.com\/en\/wp-json\/wp\/v2\/media?parent=10381"}],"curies":[{"name":"wp","href":"https:\/\/api.w.org\/{rel}","templated":true}]}}